{"id":4051,"date":"2018-05-14T14:52:52","date_gmt":"2018-05-14T14:52:52","guid":{"rendered":"https:\/\/demo-content.kaliumtheme.com\/architecture\/?page_id=4051"},"modified":"2025-08-28T16:42:50","modified_gmt":"2025-08-28T14:42:50","slug":"home-2","status":"publish","type":"page","link":"https:\/\/dev.1pointctout.com\/stables\/","title":{"rendered":"Home"},"content":{"rendered":"<div class=\"wpb-content-wrapper\"><p>[vc_row full_width=\u00a0\u00bbstretch_row_content_no_spaces\u00a0\u00bb no_bottom_margin=\u00a0\u00bbyes\u00a0\u00bb][vc_column]\n\t\t\t\t<p class=\"rs-p-wp-fix\"><\/p>\n\t\t\t\t<sr7-module data-alias=\"fbhome\" data-id=\"2\" id=\"SR7_2_1\" data-version=\"6.7.36\">\n\t\t\t\t\t<sr7-adjuster><\/sr7-adjuster>\n\t\t\t\t\t<sr7-content>\n\t\t\t\t\t\t<sr7-slide id=\"SR7_2_1-3\" data-key=\"3\">\n\t\t\t\t\t\t\t<sr7-bg id=\"SR7_2_1-3-slidebg\" class=\"sr7-layer\"><noscript><img decoding=\"async\" src=\"https:\/\/dev.1pointctout.com\/fb2\/wp-content\/uploads\/2024\/10\/banner2.jpg\" alt=\"\" title=\"banner2\"><\/noscript><\/sr7-bg>\n\t\t\t\t\t\t<\/sr7-slide>\n\t\t\t\t\t\t<sr7-slide id=\"SR7_2_1-4\" data-key=\"4\">\n\t\t\t\t\t\t\t<sr7-bg id=\"SR7_2_1-4-slidebg\" class=\"sr7-layer\"><noscript><img decoding=\"async\" src=\"https:\/\/dev.1pointctout.com\/fb2\/wp-content\/uploads\/2024\/10\/banner1.jpg\" alt=\"\" title=\"banner1\"><\/noscript><\/sr7-bg>\n\t\t\t\t\t\t<\/sr7-slide>\n\t\t\t\t\t\t<sr7-slide id=\"SR7_2_1-5\" data-key=\"5\">\n\t\t\t\t\t\t\t<sr7-bg id=\"SR7_2_1-5-slidebg\" class=\"sr7-layer\"><noscript><img decoding=\"async\" src=\"https:\/\/dev.1pointctout.com\/fb2\/wp-content\/uploads\/2024\/10\/banner3.jpg\" alt=\"\" title=\"banner3\"><\/noscript><\/sr7-bg>\n\t\t\t\t\t\t<\/sr7-slide>\n\t\t\t\t\t\t<sr7-slide id=\"SR7_2_1-12\" data-key=\"12\">\n\t\t\t\t\t\t<\/sr7-slide>\n\t\t\t\t\t<\/sr7-content>\n\t\t\t\t<\/sr7-module>\n\t\t\t\t<script>\n\t\t\t\t\tSR7.PMH ??={}; SR7.PMH[\"SR7_2_1\"] = {cn:100,state:false,fn: function() { if (_tpt!==undefined && _tpt.prepareModuleHeight !== undefined) {  _tpt.prepareModuleHeight({id:\"SR7_2_1\",el:[800,650,650,300],type:'standard',shdw:'0',gh:[800,650,650,400],gw:[1024,1024,778,480],vpt:['-200px'],size:{fullWidth:true, fullHeight:false},mh:'700',onh:0,onw:0,bg:{color:'#eeeeee'},plType:'2',plColor:'#FFFFFF'});   SR7.PMH[\"SR7_2_1\"].state=true;} else if(SR7.PMH[\"SR7_2_1\"].cn-->0)\tsetTimeout( SR7.PMH[\"SR7_2_1\"].fn,19);}};SR7.PMH[\"SR7_2_1\" ].fn();\n\t\t\t\t<\/script>\n[\/vc_column][\/vc_row][vc_row css=\u00a0\u00bb.vc_custom_1729607279526{padding-top: 60px !important;padding-bottom: 60px !important;}\u00a0\u00bb][vc_column][vc_row_inner][vc_column_inner width=\u00a0\u00bb1\/2&Prime;][vc_column_text css=\u00a0\u00bb\u00a0\u00bb]Install\u00e9 depuis de nombreuses ann\u00e9es ( 1969 ) en Bourgogne, dans le c\u0153ur M\u00e2connais, l\u2019\u00c9levage des Burch\u00e8res est un \u00e9levage de chevaux Am\u00e9ricains de race Quarter horse, Paint horse, qui sont r\u00e9put\u00e9s pour leur mental exceptionnel, leur douceur, leur gentillesse et leur capacit\u00e9 d&rsquo;adaptation. L&rsquo;exp\u00e9rience et la rigoureuse s\u00e9lection de nos chevaux font que nous pouvons aujourd&rsquo;hui proposer une large gamme de chevaux \u00e0 la vente, du poulain \u00e0 l&rsquo;adulte. Tous les cavaliers qu&rsquo;ils soient d\u00e9butants, jeunes ou moins jeunes ou m\u00eame exp\u00e9riment\u00e9s pratiquant le reining, le cutting, le team penning, le pleasure ou le barrel&#8230;<\/p>\n<p>Ou tout simplement de la randonn\u00e9e peuvent trouver leur \u00ab\u00a0cheval id\u00e9al\u00a0\u00bb. Nous serons ravi de vous donner conseil pour l&rsquo;acquisition de votre prochaine monture et vous faire visiter l&rsquo;\u00e9levage afin que vous puissiez passer du r\u00eave \u00e0 la r\u00e9alit\u00e9 comme de nombreuses personnes qui nous ont d\u00e9j\u00e0 fait confiance et que nous remercions pour leur fid\u00e9lit\u00e9.<\/p>\n<p>Nous restons \u00e0 la disposition de tous les cavaliers d\u00e9sireux d&rsquo;am\u00e9liorer leur monte en \u00ab\u00a0\u00e9quitation western\u00a0\u00bb ayant leurs chevaux pensionnaires chez nous, c&rsquo;est avec plaisir que nous leurs apportons gratuitement notre aide et essayons de r\u00e9pondre au mieux \u00e0 leur attente afin de prendre un plaisir toujours plus grand \u00e0 monter leurs compagnons.<\/p>\n<p>Nous proposons \u00e9galement divers services , La location de van et de chevaux, les saillies de nos \u00e9talons Quarter, Paint, le d\u00e9bourrage toutes races, les pensions&#8230;<\/p>\n<p>Vous pouvez retrouver tous ces services en d\u00e9tails au fil des pages de notre site. Visite de l&rsquo;\u00e9levage sur rendez-vous.[\/vc_column_text][\/vc_column_inner][vc_column_inner width=\u00a0\u00bb1\/2&Prime;][\/vc_column_inner][\/vc_row_inner][\/vc_column][\/vc_row][vc_row full_width=\u00a0\u00bbstretch_row_content_no_spaces\u00a0\u00bb no_bottom_margin=\u00a0\u00bbyes\u00a0\u00bb css=\u00a0\u00bb.vc_custom_1729671708429{padding-bottom: 30px !important;background-color: #EDEDED !important;background-position: center !important;background-repeat: no-repeat !important;background-size: cover !important;}\u00a0\u00bb][vc_column][vc_custom_heading text=\u00a0\u00bbChevaux \u00e0 vendre\u00a0\u00bb font_container=\u00a0\u00bbtag:h2|text_align:center|color:%23000000&Prime; use_theme_fonts=\u00a0\u00bbyes\u00a0\u00bb css_animation=\u00a0\u00bbfadeIn\u00a0\u00bb css=\u00a0\u00bb.vc_custom_1729671678109{margin-top: 30px !important;margin-bottom: 0px !important;}\u00a0\u00bb][vc_row_inner][vc_column_inner][vc_column_text css=\u00a0\u00bb.vc_custom_1729671625778{margin-bottom: 50px !important;}\u00a0\u00bb]<\/p>\n<p style=\"text-align: center;\">Pellentesque luctus, dui sit amet blandit ornare, lacus turpis maximus nulla, at porttitor magna purus vel nunc.<\/p>\n<p>[\/vc_column_text][lab_masonry_portfolio category_filter=\u00a0\u00bbno\u00a0\u00bb][lab_masonry_portfolio_item box_size=\u00a0\u00bb3&#215;3&Prime; portfolio_id=\u00a0\u00bb4950&Prime;][lab_masonry_portfolio_item box_size=\u00a0\u00bb3&#215;3&Prime; portfolio_id=\u00a0\u00bb4780&Prime;][lab_masonry_portfolio_item box_size=\u00a0\u00bb3&#215;3&Prime; portfolio_id=\u00a0\u00bb4175&Prime;][lab_masonry_portfolio_item box_size=\u00a0\u00bb3&#215;3&Prime; portfolio_id=\u00a0\u00bb4772&Prime;][\/lab_masonry_portfolio][\/vc_column_inner][\/vc_row_inner][\/vc_column][\/vc_row][vc_row full_width=\u00a0\u00bbstretch_row\u00a0\u00bb css=\u00a0\u00bb.vc_custom_1729593802013{padding-top: 50px !important;padding-bottom: 20px !important;background-color: #FFFFFF !important;}\u00a0\u00bb el_class=\u00a0\u00bbhomepage-news\u00a0\u00bb][vc_column css=\u00a0\u00bb.vc_custom_1527248930879{padding-top: 0px !important;padding-bottom: 0px !important;}\u00a0\u00bb][vc_custom_heading text=\u00a0\u00bbPartenaires\u00a0\u00bb font_container=\u00a0\u00bbtag:h2|text_align:center\u00a0\u00bb use_theme_fonts=\u00a0\u00bbyes\u00a0\u00bb css_animation=\u00a0\u00bbfadeIn\u00a0\u00bb css=\u00a0\u00bb.vc_custom_1729592783636{margin-top: 30px !important;margin-bottom: 0px !important;}\u00a0\u00bb][vc_row_inner css=\u00a0\u00bb.vc_custom_1729666618563{padding-top: 0px !important;padding-bottom: 0px !important;}\u00a0\u00bb][vc_column_inner][vc_column_text css=\u00a0\u00bb.vc_custom_1729666643331{margin-bottom: 10px !important;}\u00a0\u00bb]<\/p>\n<p style=\"text-align: center;\">Pellentesque luctus, dui sit amet blandit ornare, lacus turpis maximus nulla, at porttitor magna purus vel nunc.<\/p>\n<p>[\/vc_column_text][\/vc_column_inner][\/vc_row_inner][lab_clients columns_count=\u00a0\u00bb7&Prime; column_spacing=\u00a0\u00bbyes\u00a0\u00bb image_borders=\u00a0\u00bbno\u00a0\u00bb reveal_effect=\u00a0\u00bbnone\u00a0\u00bb hover_bg=\u00a0\u00bbrgba(255,255,255,0.93)\u00a0\u00bb hover_txt=\u00a0\u00bb#0a0000&Prime; img_size=\u00a0\u00bbmedium\u00a0\u00bb height=\u00a0\u00bb200&Prime; css=\u00a0\u00bb.vc_custom_1729666677479{margin-top: 0px !important;margin-bottom: 0px !important;padding-top: 0px !important;padding-bottom: 0px !important;}\u00a0\u00bb][lab_clients_entry image=\u00a0\u00bb4839&Prime; title=\u00a0\u00bbTUCKER\u00a0\u00bb link=\u00a0\u00bb|||\u00a0\u00bb][lab_clients_entry image=\u00a0\u00bb4838&Prime; title=\u00a0\u00bbARIAT\u00a0\u00bb][lab_clients_entry image=\u00a0\u00bb4837&Prime; title=\u00a0\u00bbFUTURITY\u00a0\u00bb][lab_clients_entry image=\u00a0\u00bb4597&Prime; title=\u00a0\u00bbArchitecture Daily\u00a0\u00bb][lab_clients_entry image=\u00a0\u00bb4596&Prime; title=\u00a0\u00bbMark\u00a0\u00bb][lab_clients_entry image=\u00a0\u00bb4594&Prime; title=\u00a0\u00bbHOBI\u00a0\u00bb link=\u00a0\u00bburl:https%3A%2F%2Fwww.kaliumtheme.com%2F|title:Kalium%20Theme|target:%20_blank|\u00a0\u00bb][lab_clients_entry image=\u00a0\u00bb4595&Prime; title=\u00a0\u00bbBarclays\u00a0\u00bb][\/lab_clients][\/vc_column][\/vc_row][vc_row full_width=\u00a0\u00bbstretch_row\u00a0\u00bb css=\u00a0\u00bb.vc_custom_1729668745848{background-color: #EDEDED !important;background-position: center !important;background-repeat: no-repeat !important;background-size: cover !important;}\u00a0\u00bb el_class=\u00a0\u00bbhomepage-news\u00a0\u00bb][vc_column css=\u00a0\u00bb.vc_custom_1526650729976{padding-top: 0px !important;}\u00a0\u00bb][vc_custom_heading text=\u00a0\u00bbNews\u00a0\u00bb font_container=\u00a0\u00bbtag:h2|text_align:center\u00a0\u00bb use_theme_fonts=\u00a0\u00bbyes\u00a0\u00bb css_animation=\u00a0\u00bbfadeIn\u00a0\u00bb css=\u00a0\u00bb.vc_custom_1729602929051{margin-top: 30px !important;margin-bottom: 0px !important;}\u00a0\u00bb][vc_row_inner][vc_column_inner][vc_column_text css=\u00a0\u00bb.vc_custom_1729603020333{margin-bottom: 50px !important;}\u00a0\u00bb]<\/p>\n<p style=\"text-align: center;\">Pellentesque luctus, dui sit amet blandit ornare, lacus turpis maximus nulla, at porttitor magna purus vel nunc.<\/p>\n<p>[\/vc_column_text][\/vc_column_inner][\/vc_row_inner][lab_blog_posts blog_posts_options=\u00a0\u00bbdate,excerpt\u00a0\u00bb hover_layer_icon=\u00a0\u00bbcustom\u00a0\u00bb more_link=\u00a0\u00bburl:https%3A%2F%2Fdev.1pointctout.com%2Ffb2%2Fnews-2%2F|title:Plus%20d&rsquo;actualit%C3%A9s%20%E2%9E%9D\u00a0\u00bb blog_query=\u00a0\u00bbsize:3|order_by:date|post_type:post\u00a0\u00bb css=\u00a0\u00bb.vc_custom_1729588730823{margin-bottom: 0px !important;}\u00a0\u00bb image_size=\u00a0\u00bbmedium\u00a0\u00bb][\/vc_column][\/vc_row][vc_row full_width=\u00a0\u00bbstretch_row_content_no_spaces\u00a0\u00bb][vc_column][vc_media_grid element_width=\u00a0\u00bb3&Prime; gap=\u00a0\u00bb0&Prime; css=\u00a0\u00bb.vc_custom_1756390063385{margin-bottom: 0px !important;padding-bottom: 0px !important;}\u00a0\u00bb initial_loading_animation=\u00a0\u00bbslideInLeft\u00a0\u00bb grid_id=\u00a0\u00bbvc_gid:1756392163676-8d6cf5ef-f3cd-7&Prime; include=\u00a0\u00bb5091,5089,4736,4764&Prime;][\/vc_column][\/vc_row]<\/p>\n<\/div>","protected":false},"excerpt":{"rendered":"<p>[vc_row full_width=\u00a0\u00bbstretch_row_content_no_spaces\u00a0\u00bb no_bottom_margin=\u00a0\u00bbyes\u00a0\u00bb][vc_column][\/vc_column][\/vc_row][vc_row css=\u00a0\u00bb.vc_custom_1729607279526{padding-top: 60px !important;padding-bottom: 60px !important;}\u00a0\u00bb][vc_column][vc_row_inner][vc_column_inner width=\u00a0\u00bb1\/2&Prime;][vc_column_text css=\u00a0\u00bb\u00a0\u00bb]Install\u00e9 depuis de nombreuses ann\u00e9es ( 1969 ) en Bourgogne, dans le c\u0153ur M\u00e2connais, l\u2019\u00c9levage des Burch\u00e8res est un \u00e9levage de chevaux Am\u00e9ricains de race Quarter horse, Paint horse, qui sont r\u00e9put\u00e9s pour leur mental exceptionnel, leur douceur, leur gentillesse et leur capacit\u00e9 d&rsquo;adaptation. L&rsquo;exp\u00e9rience et&hellip;<\/p>\n","protected":false},"author":1,"featured_media":5089,"parent":0,"menu_order":10,"comment_status":"closed","ping_status":"closed","template":"","meta":{"_acf_changed":false,"footnotes":""},"class_list":["post-4051","page","type-page","status-publish","has-post-thumbnail","hentry"],"acf":[],"_links":{"self":[{"href":"https:\/\/dev.1pointctout.com\/stables\/wp-json\/wp\/v2\/pages\/4051","targetHints":{"allow":["GET"]}}],"collection":[{"href":"https:\/\/dev.1pointctout.com\/stables\/wp-json\/wp\/v2\/pages"}],"about":[{"href":"https:\/\/dev.1pointctout.com\/stables\/wp-json\/wp\/v2\/types\/page"}],"author":[{"embeddable":true,"href":"https:\/\/dev.1pointctout.com\/stables\/wp-json\/wp\/v2\/users\/1"}],"replies":[{"embeddable":true,"href":"https:\/\/dev.1pointctout.com\/stables\/wp-json\/wp\/v2\/comments?post=4051"}],"version-history":[{"count":147,"href":"https:\/\/dev.1pointctout.com\/stables\/wp-json\/wp\/v2\/pages\/4051\/revisions"}],"predecessor-version":[{"id":5123,"href":"https:\/\/dev.1pointctout.com\/stables\/wp-json\/wp\/v2\/pages\/4051\/revisions\/5123"}],"wp:featuredmedia":[{"embeddable":true,"href":"https:\/\/dev.1pointctout.com\/stables\/wp-json\/wp\/v2\/media\/5089"}],"wp:attachment":[{"href":"https:\/\/dev.1pointctout.com\/stables\/wp-json\/wp\/v2\/media?parent=4051"}],"curies":[{"name":"wp","href":"https:\/\/api.w.org\/{rel}","templated":true}]}}