{"id":2261,"date":"2018-03-12T16:17:44","date_gmt":"2018-03-12T16:17:44","guid":{"rendered":"http:\/\/demo-content.kaliumtheme.com\/architecture\/?page_id=2261"},"modified":"2026-04-15T10:01:53","modified_gmt":"2026-04-15T08:01:53","slug":"contact","status":"publish","type":"page","link":"https:\/\/dev.1pointctout.com\/referencesmag\/contact\/","title":{"rendered":"Contact"},"content":{"rendered":"<div class=\"wpb-content-wrapper\"><p>[vc_row css=\u00a0\u00bb.vc_custom_1526305349843{padding-top: 25px !important;padding-bottom: 50px !important;}\u00a0\u00bb][vc_column reveal_effect=\u00a0\u00bbfadeIn\u00a0\u00bb reveal_duration=\u00a0\u00bb1&Prime; reveal_delay=\u00a0\u00bb0.3&Prime;][vc_empty_space height=\u00a0\u00bb50px\u00a0\u00bb][vc_column_text css=\u00a0\u00bb.vc_custom_1776172175823{margin-bottom: 15px !important;}\u00a0\u00bb el_class=\u00a0\u00bbpage-title-size\u00a0\u00bb]<\/p>\n<h1 style=\"text-align: center;\">Contact<\/h1>\n<p>[\/vc_column_text][vc_column_text css=\u00a0\u00bb.vc_custom_1776172188471{margin-bottom: 0px !important;}\u00a0\u00bb]<\/p>\n<p style=\"text-align: center;\">Situation admitting promotion at or to perceived be. Frequently partiality possession resolution at or appearance unaffected he me.<\/p>\n<p>[\/vc_column_text][\/vc_column][\/vc_row][vc_row el_class=\u00a0\u00bbcontact-row\u00a0\u00bb][vc_column width=\u00a0\u00bb1\/2&Prime; reveal_effect=\u00a0\u00bbfadeIn\u00a0\u00bb reveal_duration=\u00a0\u00bb1&Prime; reveal_delay=\u00a0\u00bb0.3&Prime;][vc_column_text css=\u00a0\u00bb.vc_custom_1776172151839{margin-bottom: 15px !important;}\u00a0\u00bb]<\/p>\n<h2>Adresse<\/h2>\n<p>[\/vc_column_text][\/vc_column][vc_column width=\u00a0\u00bb1\/2&Prime;][vc_column_text css=\u00a0\u00bb.vc_custom_1776172462290{margin-bottom: 0px !important;}\u00a0\u00bb]<strong>Agence CHALVIN &amp; Company<\/strong><\/p>\n<p>Rue de la Corraterie 14,<\/p>\n<p>1204 Gen\u00e8ve[\/vc_column_text][\/vc_column][\/vc_row][vc_row el_class=\u00a0\u00bbcontact-row\u00a0\u00bb][vc_column width=\u00a0\u00bb1\/2&Prime; reveal_effect=\u00a0\u00bbfadeIn\u00a0\u00bb reveal_duration=\u00a0\u00bb1&Prime; reveal_delay=\u00a0\u00bb0.3&Prime;][vc_column_text css=\u00a0\u00bb.vc_custom_1776172254784{margin-bottom: 15px !important;}\u00a0\u00bb]<\/p>\n<h2>Contactez-nous<\/h2>\n<p>[\/vc_column_text][\/vc_column][vc_column width=\u00a0\u00bb1\/2&Prime;][vc_column_text css=\u00a0\u00bb\u00a0\u00bb]\u00c9crivez-nous via le formulaire ou contactez-nous directement.<\/p>\n<p>Email : <a href=\"mailto:gchalvin@chalvinetcompany.ch\">gchalvin@chalvinetcompany.ch<\/a><\/p>\n<p>T\u00e9l\u00e9phone :\u00a0 <a href=\"tel:0041797675927\">+41 79 767 59 27<\/a>[\/vc_column_text][\/vc_column][\/vc_row][vc_row full_width=\u00a0\u00bbstretch_row_content_no_spaces\u00a0\u00bb no_bottom_margin=\u00a0\u00bbyes\u00a0\u00bb css=\u00a0\u00bb.vc_custom_1776240008473{margin-top: 35px !important;padding-top: 35px !important;background-color: #F3F3F3 !important;}\u00a0\u00bb][vc_column reveal_effect=\u00a0\u00bbfadeIn\u00a0\u00bb reveal_duration=\u00a0\u00bb0.8&Prime; reveal_delay=\u00a0\u00bb0.6&Prime;][vc_row_inner][vc_column_inner][lab_contact_form name_title=\u00a0\u00bbNom et pr\u00e9nom\u00a0\u00bb email_title=\u00a0\u00bbEmail\u00a0\u00bb message_title=\u00a0\u00bbMessage\u00a0\u00bb show_subject_field=\u00a0\u00bbyes\u00a0\u00bb subject_title=\u00a0\u00bbObjet :\u00a0\u00bb submit_title=\u00a0\u00bbEnvoyer le message\u00a0\u00bb submit_success=\u00a0\u00bbMerci #, votre message a \u00e9t\u00e9 envoy\u00e9 !\u00a0\u00bb alert_errors=\u00a0\u00bbyes\u00a0\u00bb privacy_policy_text=\u00a0\u00bb#E-8_SiUyN2FpJTIwbHUlMjBldCUyMGolMjdhY2NlcHRlJTIwbGVzJTIwJTNDYSUyMGhyZWYlM0QlMjIlMjMlMjIlM0V0ZXJtcyUyMCUyNmFtcCUzQiUyMGNvbmRpdGlvbnMlM0MlMkZhJTNFJTIwJTJB\u00a0\u00bb][\/vc_column_inner][\/vc_row_inner][\/vc_column][\/vc_row]<\/p>\n<\/div>","protected":false},"excerpt":{"rendered":"<p>[vc_row css=\u00a0\u00bb.vc_custom_1526305349843{padding-top: 25px !important;padding-bottom: 50px !important;}\u00a0\u00bb][vc_column reveal_effect=\u00a0\u00bbfadeIn\u00a0\u00bb reveal_duration=\u00a0\u00bb1&Prime; reveal_delay=\u00a0\u00bb0.3&Prime;][vc_empty_space height=\u00a0\u00bb50px\u00a0\u00bb][vc_column_text css=\u00a0\u00bb.vc_custom_1776172175823{margin-bottom: 15px !important;}\u00a0\u00bb el_class=\u00a0\u00bbpage-title-size\u00a0\u00bb] Contact [\/vc_column_text][vc_column_text css=\u00a0\u00bb.vc_custom_1776172188471{margin-bottom: 0px !important;}\u00a0\u00bb] Situation admitting promotion at or to perceived be. Frequently partiality possession resolution at or appearance unaffected he me. [\/vc_column_text][\/vc_column][\/vc_row][vc_row el_class=\u00a0\u00bbcontact-row\u00a0\u00bb][vc_column width=\u00a0\u00bb1\/2&Prime; reveal_effect=\u00a0\u00bbfadeIn\u00a0\u00bb reveal_duration=\u00a0\u00bb1&Prime; reveal_delay=\u00a0\u00bb0.3&Prime;][vc_column_text css=\u00a0\u00bb.vc_custom_1776172151839{margin-bottom: 15px !important;}\u00a0\u00bb] Adresse [\/vc_column_text][\/vc_column][vc_column width=\u00a0\u00bb1\/2&Prime;][vc_column_text css=\u00a0\u00bb.vc_custom_1776172462290{margin-bottom: 0px !important;}\u00a0\u00bb]Agence CHALVIN &amp; Company&hellip;<\/p>\n","protected":false},"author":1,"featured_media":4630,"parent":0,"menu_order":0,"comment_status":"open","ping_status":"open","template":"","meta":{"_acf_changed":false,"footnotes":""},"class_list":["post-2261","page","type-page","status-publish","has-post-thumbnail","hentry"],"acf":[],"_links":{"self":[{"href":"https:\/\/dev.1pointctout.com\/referencesmag\/wp-json\/wp\/v2\/pages\/2261","targetHints":{"allow":["GET"]}}],"collection":[{"href":"https:\/\/dev.1pointctout.com\/referencesmag\/wp-json\/wp\/v2\/pages"}],"about":[{"href":"https:\/\/dev.1pointctout.com\/referencesmag\/wp-json\/wp\/v2\/types\/page"}],"author":[{"embeddable":true,"href":"https:\/\/dev.1pointctout.com\/referencesmag\/wp-json\/wp\/v2\/users\/1"}],"replies":[{"embeddable":true,"href":"https:\/\/dev.1pointctout.com\/referencesmag\/wp-json\/wp\/v2\/comments?post=2261"}],"version-history":[{"count":13,"href":"https:\/\/dev.1pointctout.com\/referencesmag\/wp-json\/wp\/v2\/pages\/2261\/revisions"}],"predecessor-version":[{"id":4743,"href":"https:\/\/dev.1pointctout.com\/referencesmag\/wp-json\/wp\/v2\/pages\/2261\/revisions\/4743"}],"wp:featuredmedia":[{"embeddable":true,"href":"https:\/\/dev.1pointctout.com\/referencesmag\/wp-json\/wp\/v2\/media\/4630"}],"wp:attachment":[{"href":"https:\/\/dev.1pointctout.com\/referencesmag\/wp-json\/wp\/v2\/media?parent=2261"}],"curies":[{"name":"wp","href":"https:\/\/api.w.org\/{rel}","templated":true}]}}